{"id":21026,"date":"2024-12-18T14:47:30","date_gmt":"2024-12-18T14:47:30","guid":{"rendered":"https:\/\/persianassued.com.br\/site\/?page_id=21026"},"modified":"2025-06-20T19:19:36","modified_gmt":"2025-06-20T19:19:36","slug":"cortina-sued-painel","status":"publish","type":"page","link":"https:\/\/persianassued.com.br\/site\/cortina-sued-painel\/","title":{"rendered":"Cortina Sued Painel"},"content":{"rendered":"\t\t<div data-elementor-type=\"wp-page\" data-elementor-id=\"21026\" class=\"elementor elementor-21026\" data-elementor-post-type=\"page\">\n\t\t\t\t<div class=\"elementor-element elementor-element-57e54e6 e-flex e-con-boxed sc_inner_width_none sc_layouts_column_icons_position_left e-con e-parent\" data-id=\"57e54e6\" data-element_type=\"container\">\n\t\t\t\t\t<div class=\"e-con-inner\">\n\t\t\t\t<div class=\"elementor-element elementor-element-555e7c1 sc_fly_static elementor-widget elementor-widget-spacer\" data-id=\"555e7c1\" data-element_type=\"widget\" data-widget_type=\"spacer.default\">\n\t\t\t\t<div class=\"elementor-widget-container\">\n\t\t\t\t\t\t\t<div class=\"elementor-spacer\">\n\t\t\t<div class=\"elementor-spacer-inner\"><\/div>\n\t\t<\/div>\n\t\t\t\t\t\t<\/div>\n\t\t\t\t<\/div>\n\t\t\t\t\t<\/div>\n\t\t\t\t<\/div>\n\t\t<div class=\"elementor-element elementor-element-1ede63bc e-flex e-con-boxed sc_inner_width_none sc_layouts_column_icons_position_left e-con e-parent\" data-id=\"1ede63bc\" data-element_type=\"container\">\n\t\t\t\t\t<div class=\"e-con-inner\">\n\t\t\t\t<div class=\"elementor-element elementor-element-34299517 sc_fly_static elementor-widget elementor-widget-heading\" data-id=\"34299517\" data-element_type=\"widget\" data-widget_type=\"heading.default\">\n\t\t\t\t<div class=\"elementor-widget-container\">\n\t\t\t\t\t<h2 class=\"elementor-heading-title elementor-size-default\">CORTINAS ESPECIAIS<\/h2>\t\t\t\t<\/div>\n\t\t\t\t<\/div>\n\t\t\t\t<div class=\"elementor-element elementor-element-7c91686c sc_fly_static elementor-widget elementor-widget-heading\" data-id=\"7c91686c\" data-element_type=\"widget\" data-widget_type=\"heading.default\">\n\t\t\t\t<div class=\"elementor-widget-container\">\n\t\t\t\t\t<h2 class=\"elementor-heading-title elementor-size-default\">Cortina Sued Painel<\/h2>\t\t\t\t<\/div>\n\t\t\t\t<\/div>\n\t\t\t\t<div class=\"elementor-element elementor-element-37df272d sc_fly_static elementor-widget elementor-widget-text-editor\" data-id=\"37df272d\" data-element_type=\"widget\" data-widget_type=\"text-editor.default\">\n\t\t\t\t<div class=\"elementor-widget-container\">\n\t\t\t\t\t\t\t\t\tDescubra o Charme e a Praticidade da Cortina Sued Painel: uma solu\u00e7\u00e3o eficiente para grandes v\u00e3os, pr\u00e1tica, funcional e de f\u00e1cil combina\u00e7\u00e3o com a arquitetura moderna.\t\t\t\t\t\t\t\t<\/div>\n\t\t\t\t<\/div>\n\t\t\t\t<div class=\"elementor-element elementor-element-18e2953 elementor-widget-divider--view-line sc_fly_static elementor-widget elementor-widget-divider\" data-id=\"18e2953\" data-element_type=\"widget\" data-widget_type=\"divider.default\">\n\t\t\t\t<div class=\"elementor-widget-container\">\n\t\t\t\t\t\t\t<div class=\"elementor-divider\">\n\t\t\t<span class=\"elementor-divider-separator\">\n\t\t\t\t\t\t<\/span>\n\t\t<\/div>\n\t\t\t\t\t\t<\/div>\n\t\t\t\t<\/div>\n\t\t\t\t\t<\/div>\n\t\t\t\t<\/div>\n\t\t<div class=\"elementor-element elementor-element-807ca98 e-flex e-con-boxed sc_inner_width_none sc_layouts_column_icons_position_left e-con e-parent\" data-id=\"807ca98\" data-element_type=\"container\">\n\t\t\t\t\t<div class=\"e-con-inner\">\n\t\t<div class=\"elementor-element elementor-element-2cb856a e-con-full e-flex sc_inner_width_none sc_layouts_column_icons_position_left e-con e-child\" data-id=\"2cb856a\" data-element_type=\"container\">\n\t\t\t\t<div class=\"elementor-element elementor-element-7d7caba elementor-arrows-position-inside elementor-pagination-position-outside sc_fly_static elementor-widget elementor-widget-image-carousel\" data-id=\"7d7caba\" data-element_type=\"widget\" data-settings=\"{&quot;slides_to_show&quot;:&quot;1&quot;,&quot;navigation&quot;:&quot;both&quot;,&quot;autoplay&quot;:&quot;yes&quot;,&quot;pause_on_hover&quot;:&quot;yes&quot;,&quot;pause_on_interaction&quot;:&quot;yes&quot;,&quot;autoplay_speed&quot;:5000,&quot;infinite&quot;:&quot;yes&quot;,&quot;effect&quot;:&quot;slide&quot;,&quot;speed&quot;:500}\" data-widget_type=\"image-carousel.default\">\n\t\t\t\t<div class=\"elementor-widget-container\">\n\t\t\t\t\t\t\t<div class=\"elementor-image-carousel-wrapper swiper\" role=\"region\" aria-roledescription=\"carousel\" aria-label=\"Carrossel de imagens\" dir=\"ltr\">\n\t\t\t<div class=\"elementor-image-carousel swiper-wrapper\" aria-live=\"off\">\n\t\t\t\t\t\t\t\t<div class=\"swiper-slide\" role=\"group\" aria-roledescription=\"slide\" aria-label=\"1 de 1\"><figure class=\"swiper-slide-inner\"><img decoding=\"async\" class=\"swiper-slide-image\" src=\"https:\/\/persianassued.com.br\/site\/wp-content\/uploads\/2024\/12\/2-1024x1024.png\" alt=\"2\" \/><\/figure><\/div>\t\t\t<\/div>\n\t\t\t\t\t<\/div>\n\t\t\t\t\t\t<\/div>\n\t\t\t\t<\/div>\n\t\t\t\t<\/div>\n\t\t<div class=\"elementor-element elementor-element-3673613 e-con-full e-flex sc_inner_width_none sc_layouts_column_icons_position_left e-con e-child\" data-id=\"3673613\" data-element_type=\"container\">\n\t\t\t\t<div class=\"elementor-element elementor-element-a39c079 sc_fly_static elementor-widget elementor-widget-heading\" data-id=\"a39c079\" data-element_type=\"widget\" data-widget_type=\"heading.default\">\n\t\t\t\t<div class=\"elementor-widget-container\">\n\t\t\t\t\t<h2 class=\"elementor-heading-title elementor-size-default\">Design<\/h2>\t\t\t\t<\/div>\n\t\t\t\t<\/div>\n\t\t\t\t<div class=\"elementor-element elementor-element-5d2c1d8 sc_fly_static elementor-widget elementor-widget-text-editor\" data-id=\"5d2c1d8\" data-element_type=\"widget\" data-widget_type=\"text-editor.default\">\n\t\t\t\t<div class=\"elementor-widget-container\">\n\t\t\t\t\t\t\t\t\tA Cortina Painel s\u00e3o telas deslizantes produzidas em tecidos transl\u00facidos, tela solar, black-out. \nOs pain\u00e9is possuem como principal caracter\u00edstica a cobertura de grandes dimens\u00f5es com capacidade de f\u00e1cil manuseio formando uma agrad\u00e1vel divis\u00e3o decorativa, que tal Painel com tecidos lisos igual Rol\u00f4, ou com gomos iguais da Romana.\nEsse produto cont\u00e9m infinitas possibilidades de designer, solu\u00e7\u00f5es que somente a Sued Persiana faz!\n\t\t\t\t\t\t\t\t<\/div>\n\t\t\t\t<\/div>\n\t\t\t\t<\/div>\n\t\t\t\t\t<\/div>\n\t\t\t\t<\/div>\n\t\t<div class=\"elementor-element elementor-element-a45a253 e-flex e-con-boxed sc_inner_width_none sc_layouts_column_icons_position_left e-con e-parent\" data-id=\"a45a253\" data-element_type=\"container\">\n\t\t\t\t\t<div class=\"e-con-inner\">\n\t\t<div class=\"elementor-element elementor-element-4b71d70 e-con-full e-flex sc_inner_width_none sc_layouts_column_icons_position_left e-con e-child\" data-id=\"4b71d70\" data-element_type=\"container\">\n\t\t\t\t<div class=\"elementor-element elementor-element-ea84a60 sc_fly_static elementor-widget elementor-widget-heading\" data-id=\"ea84a60\" data-element_type=\"widget\" data-widget_type=\"heading.default\">\n\t\t\t\t<div class=\"elementor-widget-container\">\n\t\t\t\t\t<h2 class=\"elementor-heading-title elementor-size-default\">Diferenciais<\/h2>\t\t\t\t<\/div>\n\t\t\t\t<\/div>\n\t\t\t\t<div class=\"elementor-element elementor-element-0616454 sc_fly_static elementor-widget elementor-widget-text-editor\" data-id=\"0616454\" data-element_type=\"widget\" data-widget_type=\"text-editor.default\">\n\t\t\t\t<div class=\"elementor-widget-container\">\n\t\t\t\t\t\t\t\t\t<p><strong>Op\u00e7\u00f5es de cole\u00e7\u00f5es &#8220;Tecidos&#8221;:<\/strong><br \/>Tecidos Painel Black-Out<br \/>Bloqueio da luz; Escurecimento e isolamento t\u00e9rmico do ambiente; alcan\u00e7a o maior n\u00edvel de privacidade.<\/p><p><strong>Tecidos Painel Transl\u00facidos<\/strong><br \/>O tecido Transl\u00facidos permite a entrada de luz e, ao mesmo tempo, proporciona privacidade, com a redu\u00e7\u00e3o da vis\u00e3o externa em dire\u00e7\u00e3o ao interior do ambiente. Este tecido oferece prote\u00e7\u00e3o contra raios solares nocivos \u00e0 sa\u00fade.<\/p><p><strong>Tecidos Painel (Tela Solar) \u201cTecidos Screen\u201d<\/strong><br \/>Esse tecido al\u00e9m de t\u00e9cnico tamb\u00e9m ganhar um ar decorativo. A solu\u00e7\u00e3o perfeita para interiores, ajudando a economizar energia, controlando o calor e a luz.<\/p>\t\t\t\t\t\t\t\t<\/div>\n\t\t\t\t<\/div>\n\t\t\t\t<\/div>\n\t\t<div class=\"elementor-element elementor-element-69c5368 e-con-full e-flex sc_inner_width_none sc_layouts_column_icons_position_left e-con e-child\" data-id=\"69c5368\" data-element_type=\"container\">\n\t\t\t\t<div class=\"elementor-element elementor-element-a46d5ed elementor-arrows-position-inside elementor-pagination-position-outside sc_fly_static elementor-widget elementor-widget-image-carousel\" data-id=\"a46d5ed\" data-element_type=\"widget\" data-settings=\"{&quot;slides_to_show&quot;:&quot;1&quot;,&quot;navigation&quot;:&quot;both&quot;,&quot;autoplay&quot;:&quot;yes&quot;,&quot;pause_on_hover&quot;:&quot;yes&quot;,&quot;pause_on_interaction&quot;:&quot;yes&quot;,&quot;autoplay_speed&quot;:5000,&quot;infinite&quot;:&quot;yes&quot;,&quot;effect&quot;:&quot;slide&quot;,&quot;speed&quot;:500}\" data-widget_type=\"image-carousel.default\">\n\t\t\t\t<div class=\"elementor-widget-container\">\n\t\t\t\t\t\t\t<div class=\"elementor-image-carousel-wrapper swiper\" role=\"region\" aria-roledescription=\"carousel\" aria-label=\"Carrossel de imagens\" dir=\"ltr\">\n\t\t\t<div class=\"elementor-image-carousel swiper-wrapper\" aria-live=\"off\">\n\t\t\t\t\t\t\t\t<div class=\"swiper-slide\" role=\"group\" aria-roledescription=\"slide\" aria-label=\"1 de 1\"><figure class=\"swiper-slide-inner\"><img decoding=\"async\" class=\"swiper-slide-image\" src=\"https:\/\/persianassued.com.br\/site\/wp-content\/uploads\/2024\/12\/1-1024x1024.png\" alt=\"1\" \/><\/figure><\/div>\t\t\t<\/div>\n\t\t\t\t\t<\/div>\n\t\t\t\t\t\t<\/div>\n\t\t\t\t<\/div>\n\t\t\t\t<\/div>\n\t\t\t\t\t<\/div>\n\t\t\t\t<\/div>\n\t\t<div class=\"elementor-element elementor-element-9924ad6 e-flex e-con-boxed sc_inner_width_none sc_layouts_column_icons_position_left e-con e-parent\" data-id=\"9924ad6\" data-element_type=\"container\">\n\t\t\t\t\t<div class=\"e-con-inner\">\n\t\t<div class=\"elementor-element elementor-element-2475ae2 e-con-full e-flex sc_inner_width_none sc_layouts_column_icons_position_left e-con e-child\" data-id=\"2475ae2\" data-element_type=\"container\">\n\t\t\t\t<div class=\"elementor-element elementor-element-64ea5a6 sc_fly_static elementor-widget elementor-widget-heading\" data-id=\"64ea5a6\" data-element_type=\"widget\" data-widget_type=\"heading.default\">\n\t\t\t\t<div class=\"elementor-widget-container\">\n\t\t\t\t\t<h2 class=\"elementor-heading-title elementor-size-default\">Opcionais de acabamentos<\/h2>\t\t\t\t<\/div>\n\t\t\t\t<\/div>\n\t\t\t\t<div class=\"elementor-element elementor-element-48fcb01 sc_fly_static elementor-widget elementor-widget-text-editor\" data-id=\"48fcb01\" data-element_type=\"widget\" data-widget_type=\"text-editor.default\">\n\t\t\t\t<div class=\"elementor-widget-container\">\n\t\t\t\t\t\t\t\t\t<p>Incont\u00e1veis combina\u00e7\u00f5es de acess\u00f3rios e acabamentos;<br \/>Que tal um acabamento diferenciado!<br \/>Band\u00f4 para melhor revestir as folhas!<br \/>Incont\u00e1veis combina\u00e7\u00f5es de acess\u00f3rios e acabamentos;<br \/>Painel Pefect Plus \u201ccom Gomos\u201d<br \/>Um seu estilo exclusivo, design arrojado, a cortina Painel Sued \u00e9 pr\u00f3pria para a decora\u00e7\u00e3o de ambientes sofisticados e modernos. Os gomos que s\u00e3o feitos com o tecido \u201ccanaletas\u201d que proporcionando um charme indiscut\u00edvel!<\/p><p><strong>TIPOS DE RECOLHIMENTO<\/strong><\/p><p>Recolhimentos com trilhos Especiais com vias aonde os tecidos percorrem:<br \/>02 vias \/ 03 vias \/ 04 vias \/ 05 vias<\/p><p>Infinitas possibilidades para v\u00e1rios ambientes que somente a Cortina Painel Sued faz!<\/p><p>Que tal um acabamento diferenciado!<\/p><p><strong>Cores de Acess\u00f3rios:<\/strong><br \/>Branco, Bege, Cinza, Marrom, Preto.<\/p>\t\t\t\t\t\t\t\t<\/div>\n\t\t\t\t<\/div>\n\t\t\t\t<\/div>\n\t\t\t\t\t<\/div>\n\t\t\t\t<\/div>\n\t\t<div class=\"elementor-element elementor-element-cc968c9 e-flex e-con-boxed sc_inner_width_none sc_layouts_column_icons_position_left e-con e-parent\" data-id=\"cc968c9\" data-element_type=\"container\">\n\t\t\t\t\t<div class=\"e-con-inner\">\n\t\t<div class=\"elementor-element elementor-element-c31f9db e-con-full e-flex sc_inner_width_none sc_layouts_column_icons_position_left e-con e-child\" data-id=\"c31f9db\" data-element_type=\"container\">\n\t\t\t\t<div class=\"elementor-element elementor-element-46e7629 sc_fly_static elementor-widget elementor-widget-heading\" data-id=\"46e7629\" data-element_type=\"widget\" data-widget_type=\"heading.default\">\n\t\t\t\t<div class=\"elementor-widget-container\">\n\t\t\t\t\t<h2 class=\"elementor-heading-title elementor-size-default\">Acionamentos<\/h2>\t\t\t\t<\/div>\n\t\t\t\t<\/div>\n\t\t\t\t<div class=\"elementor-element elementor-element-ee085cd sc_fly_static elementor-widget elementor-widget-text-editor\" data-id=\"ee085cd\" data-element_type=\"widget\" data-widget_type=\"text-editor.default\">\n\t\t\t\t<div class=\"elementor-widget-container\">\n\t\t\t\t\t\t\t\t\t<p data-start=\"95\" data-end=\"330\"><strong data-start=\"95\" data-end=\"134\">Acionamento Manual Standard \u201cCorda\u201d<\/strong><br data-start=\"134\" data-end=\"137\" \/>Atrav\u00e9s de uma corda que voc\u00ea puxa e o tecido vai recolhendo no sentido vertical, podendo ajustar a persiana na altura desejada. As camadas de tecido se dobram e desdobram conforme o movimento.<\/p><p data-start=\"332\" data-end=\"625\"><strong data-start=\"332\" data-end=\"378\">Acionamento Manual Monocontrole \u201cCorrente\u201d<\/strong><br data-start=\"378\" data-end=\"381\" \/>Feito de forma manual atrav\u00e9s de uma correntinha com uma engrenagem especial com cavaletes que voc\u00ea puxa e o tecido vai se recolhendo com mais facilidade e leveza. \u00c9 indicado para pe\u00e7as mais pesadas, que necessitam de mais for\u00e7a no acionamento.<\/p><p data-start=\"627\" data-end=\"906\"><strong data-start=\"627\" data-end=\"653\">Acionamento Motorizado<\/strong><br data-start=\"653\" data-end=\"656\" \/>Acionamento atrav\u00e9s de motor, possibilitando abertura e o fechamento da cortina a partir de controle remoto, smartphone, tablet, comando de voz ou interruptor. Esse sistema possibilita maior praticidade, durabilidade e conforto na opera\u00e7\u00e3o das pe\u00e7as.<\/p>\t\t\t\t\t\t\t\t<\/div>\n\t\t\t\t<\/div>\n\t\t\t\t<\/div>\n\t\t\t\t\t<\/div>\n\t\t\t\t<\/div>\n\t\t\t\t<\/div>\n\t\t","protected":false},"excerpt":{"rendered":"<p>CORTINAS ESPECIAIS Descubra o Charme e a Praticidade da Cortina Sued Painel: uma solu\u00e7\u00e3o eficiente para grandes v\u00e3os, pr\u00e1tica, funcional e de f\u00e1cil combina\u00e7\u00e3o com a arquitetura moderna. Design A&hellip;<\/p>\n","protected":false},"author":1,"featured_media":0,"parent":0,"menu_order":0,"comment_status":"closed","ping_status":"closed","template":"","meta":{"footnotes":""},"class_list":["post-21026","page","type-page","status-publish","hentry"],"_links":{"self":[{"href":"https:\/\/persianassued.com.br\/site\/wp-json\/wp\/v2\/pages\/21026","targetHints":{"allow":["GET"]}}],"collection":[{"href":"https:\/\/persianassued.com.br\/site\/wp-json\/wp\/v2\/pages"}],"about":[{"href":"https:\/\/persianassued.com.br\/site\/wp-json\/wp\/v2\/types\/page"}],"author":[{"embeddable":true,"href":"https:\/\/persianassued.com.br\/site\/wp-json\/wp\/v2\/users\/1"}],"replies":[{"embeddable":true,"href":"https:\/\/persianassued.com.br\/site\/wp-json\/wp\/v2\/comments?post=21026"}],"version-history":[{"count":7,"href":"https:\/\/persianassued.com.br\/site\/wp-json\/wp\/v2\/pages\/21026\/revisions"}],"predecessor-version":[{"id":21208,"href":"https:\/\/persianassued.com.br\/site\/wp-json\/wp\/v2\/pages\/21026\/revisions\/21208"}],"wp:attachment":[{"href":"https:\/\/persianassued.com.br\/site\/wp-json\/wp\/v2\/media?parent=21026"}],"curies":[{"name":"wp","href":"https:\/\/api.w.org\/{rel}","templated":true}]}}