{"id":20988,"date":"2024-09-10T15:25:21","date_gmt":"2024-09-10T15:25:21","guid":{"rendered":"https:\/\/persianassued.com.br\/site\/?page_id=20988"},"modified":"2025-06-20T19:29:56","modified_gmt":"2025-06-20T19:29:56","slug":"persiana-sued-horizontal-25mm-5","status":"publish","type":"page","link":"https:\/\/persianassued.com.br\/site\/persiana-sued-horizontal-25mm-5\/","title":{"rendered":"Persiana Sued Horizontal 25mm"},"content":{"rendered":"\t\t<div data-elementor-type=\"wp-page\" data-elementor-id=\"20988\" class=\"elementor elementor-20988\" data-elementor-post-type=\"page\">\n\t\t\t\t<div class=\"elementor-element elementor-element-57e54e6 e-flex e-con-boxed sc_inner_width_none sc_layouts_column_icons_position_left e-con e-parent\" data-id=\"57e54e6\" data-element_type=\"container\">\n\t\t\t\t\t<div class=\"e-con-inner\">\n\t\t\t\t<div class=\"elementor-element elementor-element-555e7c1 sc_fly_static elementor-widget elementor-widget-spacer\" data-id=\"555e7c1\" data-element_type=\"widget\" data-widget_type=\"spacer.default\">\n\t\t\t\t<div class=\"elementor-widget-container\">\n\t\t\t\t\t\t\t<div class=\"elementor-spacer\">\n\t\t\t<div class=\"elementor-spacer-inner\"><\/div>\n\t\t<\/div>\n\t\t\t\t\t\t<\/div>\n\t\t\t\t<\/div>\n\t\t\t\t\t<\/div>\n\t\t\t\t<\/div>\n\t\t<div class=\"elementor-element elementor-element-1ede63bc e-flex e-con-boxed sc_inner_width_none sc_layouts_column_icons_position_left e-con e-parent\" data-id=\"1ede63bc\" data-element_type=\"container\">\n\t\t\t\t\t<div class=\"e-con-inner\">\n\t\t\t\t<div class=\"elementor-element elementor-element-34299517 sc_fly_static elementor-widget elementor-widget-heading\" data-id=\"34299517\" data-element_type=\"widget\" data-widget_type=\"heading.default\">\n\t\t\t\t<div class=\"elementor-widget-container\">\n\t\t\t\t\t<h2 class=\"elementor-heading-title elementor-size-default\">CORTINAS ESPECIAIS<\/h2>\t\t\t\t<\/div>\n\t\t\t\t<\/div>\n\t\t\t\t<div class=\"elementor-element elementor-element-7c91686c sc_fly_static elementor-widget elementor-widget-heading\" data-id=\"7c91686c\" data-element_type=\"widget\" data-widget_type=\"heading.default\">\n\t\t\t\t<div class=\"elementor-widget-container\">\n\t\t\t\t\t<h2 class=\"elementor-heading-title elementor-size-default\">Persiana Sued Horizontal 25mm<\/h2>\t\t\t\t<\/div>\n\t\t\t\t<\/div>\n\t\t\t\t<div class=\"elementor-element elementor-element-37df272d sc_fly_static elementor-widget elementor-widget-text-editor\" data-id=\"37df272d\" data-element_type=\"widget\" data-widget_type=\"text-editor.default\">\n\t\t\t\t<div class=\"elementor-widget-container\">\n\t\t\t\t\t\t\t\t\tDescubra o Charme e a Praticidade da Persiana Sued Horizontal 25mm:  persiana cl\u00e1ssica e contempor\u00e2nea que sempre vai ter seu espa\u00e7o em qualquer decora\u00e7\u00e3o, se destaca com uma grande diversidade de cores e texturas. Sua composi\u00e7\u00e3o monocrom\u00e1tica d\u00e1 um equil\u00edbrio perfeito a esse produto, permitindo que se encaixe em qualquer ambiente de forma harmoniosa.\t\t\t\t\t\t\t\t<\/div>\n\t\t\t\t<\/div>\n\t\t\t\t<div class=\"elementor-element elementor-element-18e2953 elementor-widget-divider--view-line sc_fly_static elementor-widget elementor-widget-divider\" data-id=\"18e2953\" data-element_type=\"widget\" data-widget_type=\"divider.default\">\n\t\t\t\t<div class=\"elementor-widget-container\">\n\t\t\t\t\t\t\t<div class=\"elementor-divider\">\n\t\t\t<span class=\"elementor-divider-separator\">\n\t\t\t\t\t\t<\/span>\n\t\t<\/div>\n\t\t\t\t\t\t<\/div>\n\t\t\t\t<\/div>\n\t\t\t\t\t<\/div>\n\t\t\t\t<\/div>\n\t\t<div class=\"elementor-element elementor-element-807ca98 e-flex e-con-boxed sc_inner_width_none sc_layouts_column_icons_position_left e-con e-parent\" data-id=\"807ca98\" data-element_type=\"container\">\n\t\t\t\t\t<div class=\"e-con-inner\">\n\t\t<div class=\"elementor-element elementor-element-2cb856a e-con-full e-flex sc_inner_width_none sc_layouts_column_icons_position_left e-con e-child\" data-id=\"2cb856a\" data-element_type=\"container\">\n\t\t\t\t<div class=\"elementor-element elementor-element-7d7caba elementor-arrows-position-inside elementor-pagination-position-outside sc_fly_static elementor-widget elementor-widget-image-carousel\" data-id=\"7d7caba\" data-element_type=\"widget\" data-settings=\"{&quot;slides_to_show&quot;:&quot;1&quot;,&quot;navigation&quot;:&quot;both&quot;,&quot;autoplay&quot;:&quot;yes&quot;,&quot;pause_on_hover&quot;:&quot;yes&quot;,&quot;pause_on_interaction&quot;:&quot;yes&quot;,&quot;autoplay_speed&quot;:5000,&quot;infinite&quot;:&quot;yes&quot;,&quot;effect&quot;:&quot;slide&quot;,&quot;speed&quot;:500}\" data-widget_type=\"image-carousel.default\">\n\t\t\t\t<div class=\"elementor-widget-container\">\n\t\t\t\t\t\t\t<div class=\"elementor-image-carousel-wrapper swiper\" role=\"region\" aria-roledescription=\"carousel\" aria-label=\"Carrossel de imagens\" dir=\"ltr\">\n\t\t\t<div class=\"elementor-image-carousel swiper-wrapper\" aria-live=\"off\">\n\t\t\t\t\t\t\t\t<div class=\"swiper-slide\" role=\"group\" aria-roledescription=\"slide\" aria-label=\"1 de 1\"><figure class=\"swiper-slide-inner\"><img decoding=\"async\" class=\"swiper-slide-image\" src=\"https:\/\/persianassued.com.br\/site\/wp-content\/uploads\/2024\/09\/Persiana-Sued-Horizontal-25mm-1024x1024.png\" alt=\"Persiana Sued Horizontal 25mm\" \/><\/figure><\/div>\t\t\t<\/div>\n\t\t\t\t\t<\/div>\n\t\t\t\t\t\t<\/div>\n\t\t\t\t<\/div>\n\t\t\t\t<\/div>\n\t\t<div class=\"elementor-element elementor-element-3673613 e-con-full e-flex sc_inner_width_none sc_layouts_column_icons_position_left e-con e-child\" data-id=\"3673613\" data-element_type=\"container\">\n\t\t\t\t<div class=\"elementor-element elementor-element-a39c079 sc_fly_static elementor-widget elementor-widget-heading\" data-id=\"a39c079\" data-element_type=\"widget\" data-widget_type=\"heading.default\">\n\t\t\t\t<div class=\"elementor-widget-container\">\n\t\t\t\t\t<h2 class=\"elementor-heading-title elementor-size-default\">Design<\/h2>\t\t\t\t<\/div>\n\t\t\t\t<\/div>\n\t\t\t\t<div class=\"elementor-element elementor-element-5d2c1d8 sc_fly_static elementor-widget elementor-widget-text-editor\" data-id=\"5d2c1d8\" data-element_type=\"widget\" data-widget_type=\"text-editor.default\">\n\t\t\t\t<div class=\"elementor-widget-container\">\n\t\t\t\t\t\t\t\t\tExperimente a eleg\u00e2ncia e a funcionalidade com a com simples giro no bast\u00e3o para controle de luz ou puxar de corrente com trilho superior com designer inovador mais que uma persiana uma obra de arte nos ambientes.\nSe destaca sendo n\u00e3o apenas um elemento funcional, mas tamb\u00e9m um destaque est\u00e9tico, adicionando um toque de refinamento ao seu espa\u00e7o.\nModelos extremamente vers\u00e1teis Alum\u00ednio e PVC que se difundiram rapidamente no cen\u00e1rio de decora\u00e7\u00e3o \nQue tal laminas que n\u00e3o aparecem o furo Incont\u00e1veis combina\u00e7\u00f5es que somente a Sued Persianas faz!\n\t\t\t\t\t\t\t\t<\/div>\n\t\t\t\t<\/div>\n\t\t\t\t<\/div>\n\t\t\t\t\t<\/div>\n\t\t\t\t<\/div>\n\t\t<div class=\"elementor-element elementor-element-a45a253 e-flex e-con-boxed sc_inner_width_none sc_layouts_column_icons_position_left e-con e-parent\" data-id=\"a45a253\" data-element_type=\"container\">\n\t\t\t\t\t<div class=\"e-con-inner\">\n\t\t<div class=\"elementor-element elementor-element-4b71d70 e-con-full e-flex sc_inner_width_none sc_layouts_column_icons_position_left e-con e-child\" data-id=\"4b71d70\" data-element_type=\"container\">\n\t\t\t\t<div class=\"elementor-element elementor-element-ea84a60 sc_fly_static elementor-widget elementor-widget-heading\" data-id=\"ea84a60\" data-element_type=\"widget\" data-widget_type=\"heading.default\">\n\t\t\t\t<div class=\"elementor-widget-container\">\n\t\t\t\t\t<h2 class=\"elementor-heading-title elementor-size-default\">Diferenciais<\/h2>\t\t\t\t<\/div>\n\t\t\t\t<\/div>\n\t\t\t\t<div class=\"elementor-element elementor-element-0616454 sc_fly_static elementor-widget elementor-widget-text-editor\" data-id=\"0616454\" data-element_type=\"widget\" data-widget_type=\"text-editor.default\">\n\t\t\t\t<div class=\"elementor-widget-container\">\n\t\t\t\t\t\t\t\t\t<p data-start=\"68\" data-end=\"100\"><strong data-start=\"68\" data-end=\"100\">Op\u00e7\u00f5es de cole\u00e7\u00f5es &#8220;L\u00e2minas&#8221;<\/strong><\/p><p data-start=\"102\" data-end=\"156\"><strong data-start=\"102\" data-end=\"154\">L\u00e2mina Especial Alum\u00ednio 16mm (Espessura 0,21mm)<\/strong><\/p><ul data-start=\"157\" data-end=\"278\"><li data-start=\"157\" data-end=\"234\"><p data-start=\"159\" data-end=\"234\">Incont\u00e1veis combina\u00e7\u00f5es de cores com trilho superior com design inovador.<\/p><\/li><li data-start=\"235\" data-end=\"278\"><p data-start=\"237\" data-end=\"278\"><em data-start=\"237\" data-end=\"278\">Op\u00e7\u00e3o de furos do cord\u00e3o n\u00e3o aparentes.<\/em><\/p><\/li><\/ul><p data-start=\"280\" data-end=\"334\"><strong data-start=\"280\" data-end=\"332\">L\u00e2mina Especial Alum\u00ednio 25mm (Espessura 0,21mm)<\/strong><\/p><ul data-start=\"335\" data-end=\"456\"><li data-start=\"335\" data-end=\"412\"><p data-start=\"337\" data-end=\"412\">Incont\u00e1veis combina\u00e7\u00f5es de cores com trilho superior com design inovador.<\/p><\/li><li data-start=\"413\" data-end=\"456\"><p data-start=\"415\" data-end=\"456\"><em data-start=\"415\" data-end=\"456\">Op\u00e7\u00e3o de furos do cord\u00e3o n\u00e3o aparentes.<\/em><\/p><\/li><\/ul><p data-start=\"458\" data-end=\"556\"><strong data-start=\"458\" data-end=\"501\">L\u00e2mina Alum\u00ednio 25mm (Espessura 0,18mm)<\/strong><br data-start=\"501\" data-end=\"504\" \/>Modelo mais comum e utilizado no mercado nacional.<\/p><ul data-start=\"557\" data-end=\"678\"><li data-start=\"557\" data-end=\"634\"><p data-start=\"559\" data-end=\"634\">Incont\u00e1veis combina\u00e7\u00f5es de cores com trilho superior com design inovador.<\/p><\/li><li data-start=\"635\" data-end=\"678\"><p data-start=\"637\" data-end=\"678\"><em data-start=\"637\" data-end=\"678\">Op\u00e7\u00e3o de furos do cord\u00e3o n\u00e3o aparentes.<\/em><\/p><\/li><\/ul><p data-start=\"680\" data-end=\"701\"><strong data-start=\"680\" data-end=\"699\">L\u00e2mina PVC 25mm<\/strong><\/p><ul data-start=\"702\" data-end=\"823\"><li data-start=\"702\" data-end=\"779\"><p data-start=\"704\" data-end=\"779\">Incont\u00e1veis combina\u00e7\u00f5es de cores com trilho superior com design inovador.<\/p><\/li><li data-start=\"780\" data-end=\"823\"><p data-start=\"782\" data-end=\"823\"><em data-start=\"782\" data-end=\"823\">Op\u00e7\u00e3o de furos do cord\u00e3o n\u00e3o aparentes.<\/em><\/p><\/li><\/ul><p data-start=\"825\" data-end=\"1041\"><strong data-start=\"825\" data-end=\"870\">Observa\u00e7\u00e3o sobre a espessura das l\u00e2minas:<\/strong><br data-start=\"870\" data-end=\"873\" \/>A espessura \u00e9 a medida da dist\u00e2ncia entre as duas faces da l\u00e2mina, perpendicularmente \u00e0 superf\u00edcie \u2014 ou seja, a dist\u00e2ncia entre a parte superior e a inferior da l\u00e2mina.<\/p>\t\t\t\t\t\t\t\t<\/div>\n\t\t\t\t<\/div>\n\t\t\t\t<\/div>\n\t\t<div class=\"elementor-element elementor-element-69c5368 e-con-full e-flex sc_inner_width_none sc_layouts_column_icons_position_left e-con e-child\" data-id=\"69c5368\" data-element_type=\"container\">\n\t\t\t\t<div class=\"elementor-element elementor-element-a46d5ed elementor-arrows-position-inside elementor-pagination-position-outside sc_fly_static elementor-widget elementor-widget-image-carousel\" data-id=\"a46d5ed\" data-element_type=\"widget\" data-settings=\"{&quot;slides_to_show&quot;:&quot;1&quot;,&quot;navigation&quot;:&quot;both&quot;,&quot;autoplay&quot;:&quot;yes&quot;,&quot;pause_on_hover&quot;:&quot;yes&quot;,&quot;pause_on_interaction&quot;:&quot;yes&quot;,&quot;autoplay_speed&quot;:5000,&quot;infinite&quot;:&quot;yes&quot;,&quot;effect&quot;:&quot;slide&quot;,&quot;speed&quot;:500}\" data-widget_type=\"image-carousel.default\">\n\t\t\t\t<div class=\"elementor-widget-container\">\n\t\t\t\t\t\t\t<div class=\"elementor-image-carousel-wrapper swiper\" role=\"region\" aria-roledescription=\"carousel\" aria-label=\"Carrossel de imagens\" dir=\"ltr\">\n\t\t\t<div class=\"elementor-image-carousel swiper-wrapper\" aria-live=\"off\">\n\t\t\t\t\t\t\t\t<div class=\"swiper-slide\" role=\"group\" aria-roledescription=\"slide\" aria-label=\"1 de 1\"><figure class=\"swiper-slide-inner\"><img decoding=\"async\" class=\"swiper-slide-image\" src=\"https:\/\/persianassued.com.br\/site\/wp-content\/uploads\/2024\/09\/Persiana-Sued-Horizontal-25mm-2-1024x1024.png\" alt=\"Persiana Sued Horizontal 25mm (2)\" \/><\/figure><\/div>\t\t\t<\/div>\n\t\t\t\t\t<\/div>\n\t\t\t\t\t\t<\/div>\n\t\t\t\t<\/div>\n\t\t\t\t<\/div>\n\t\t\t\t\t<\/div>\n\t\t\t\t<\/div>\n\t\t<div class=\"elementor-element elementor-element-9924ad6 e-flex e-con-boxed sc_inner_width_none sc_layouts_column_icons_position_left e-con e-parent\" data-id=\"9924ad6\" data-element_type=\"container\">\n\t\t\t\t\t<div class=\"e-con-inner\">\n\t\t<div class=\"elementor-element elementor-element-2475ae2 e-con-full e-flex sc_inner_width_none sc_layouts_column_icons_position_left e-con e-child\" data-id=\"2475ae2\" data-element_type=\"container\">\n\t\t\t\t<div class=\"elementor-element elementor-element-64ea5a6 sc_fly_static elementor-widget elementor-widget-heading\" data-id=\"64ea5a6\" data-element_type=\"widget\" data-widget_type=\"heading.default\">\n\t\t\t\t<div class=\"elementor-widget-container\">\n\t\t\t\t\t<h2 class=\"elementor-heading-title elementor-size-default\">Opcionais de acabamentos<\/h2>\t\t\t\t<\/div>\n\t\t\t\t<\/div>\n\t\t\t\t<div class=\"elementor-element elementor-element-48fcb01 sc_fly_static elementor-widget elementor-widget-text-editor\" data-id=\"48fcb01\" data-element_type=\"widget\" data-widget_type=\"text-editor.default\">\n\t\t\t\t<div class=\"elementor-widget-container\">\n\t\t\t\t\t\t\t\t\t<p data-start=\"58\" data-end=\"113\"><strong data-start=\"58\" data-end=\"113\">Incont\u00e1veis combina\u00e7\u00f5es de acess\u00f3rios e acabamentos<\/strong><\/p><p data-start=\"115\" data-end=\"204\"><strong data-start=\"115\" data-end=\"150\">Trilho Superior Universal 25mm:<\/strong><br data-start=\"150\" data-end=\"153\" \/>Com acabamento em diversas cores e design inovador.<\/p><p data-start=\"206\" data-end=\"268\"><strong data-start=\"206\" data-end=\"230\">Cores de Acess\u00f3rios:<\/strong><br data-start=\"230\" data-end=\"233\" \/>Branco, Bege, Cinza, Marrom, Preto.<\/p>\t\t\t\t\t\t\t\t<\/div>\n\t\t\t\t<\/div>\n\t\t\t\t<\/div>\n\t\t\t\t\t<\/div>\n\t\t\t\t<\/div>\n\t\t<div class=\"elementor-element elementor-element-cc968c9 e-flex e-con-boxed sc_inner_width_none sc_layouts_column_icons_position_left e-con e-parent\" data-id=\"cc968c9\" data-element_type=\"container\">\n\t\t\t\t\t<div class=\"e-con-inner\">\n\t\t<div class=\"elementor-element elementor-element-c31f9db e-con-full e-flex sc_inner_width_none sc_layouts_column_icons_position_left e-con e-child\" data-id=\"c31f9db\" data-element_type=\"container\">\n\t\t\t\t<div class=\"elementor-element elementor-element-46e7629 sc_fly_static elementor-widget elementor-widget-heading\" data-id=\"46e7629\" data-element_type=\"widget\" data-widget_type=\"heading.default\">\n\t\t\t\t<div class=\"elementor-widget-container\">\n\t\t\t\t\t<h2 class=\"elementor-heading-title elementor-size-default\">Acionamentos<\/h2>\t\t\t\t<\/div>\n\t\t\t\t<\/div>\n\t\t\t\t<div class=\"elementor-element elementor-element-ee085cd sc_fly_static elementor-widget elementor-widget-text-editor\" data-id=\"ee085cd\" data-element_type=\"widget\" data-widget_type=\"text-editor.default\">\n\t\t\t\t<div class=\"elementor-widget-container\">\n\t\t\t\t\t\t\t\t\t<p data-start=\"68\" data-end=\"380\"><strong data-start=\"68\" data-end=\"107\">cionamento Manual Standard \u201cCorda\u201d<\/strong><br data-start=\"107\" data-end=\"110\" \/>Atrav\u00e9s de uma corda que voc\u00ea puxa, as l\u00e2minas v\u00e3o se recolhendo no sentido horizontal, podendo ajustar a persiana na altura desejada. Um bast\u00e3o acr\u00edlico, atrav\u00e9s do seu giro, controla a entrada de luz, movimentando as l\u00e2minas que se juntam e giram conforme o movimento.<\/p><p data-start=\"382\" data-end=\"666\"><strong data-start=\"382\" data-end=\"428\">Acionamento Manual Monocontrole \u201cCorrente\u201d<\/strong><br data-start=\"428\" data-end=\"431\" \/>Feito de forma manual atrav\u00e9s de uma correntinha com uma engrenagem especial com cavaletes. Ao puxar, as l\u00e2minas se recolhem com mais facilidade e leveza. \u00c9 indicado para pe\u00e7as mais pesadas, que necessitam de mais for\u00e7a no acionamento.<\/p><p data-start=\"668\" data-end=\"949\"><strong data-start=\"668\" data-end=\"694\">Acionamento Motorizado<\/strong><br data-start=\"694\" data-end=\"697\" \/>Acionamento atrav\u00e9s de motor, possibilitando a abertura e o fechamento da cortina a partir de controle remoto, smartphone, tablet, comando de voz ou interruptor. Esse sistema proporciona maior praticidade, durabilidade e conforto na opera\u00e7\u00e3o das pe\u00e7as.<\/p>\t\t\t\t\t\t\t\t<\/div>\n\t\t\t\t<\/div>\n\t\t\t\t<\/div>\n\t\t\t\t\t<\/div>\n\t\t\t\t<\/div>\n\t\t\t\t<\/div>\n\t\t","protected":false},"excerpt":{"rendered":"<p>CORTINAS ESPECIAIS Descubra o Charme e a Praticidade da Persiana Sued Horizontal 25mm: persiana cl\u00e1ssica e contempor\u00e2nea que sempre vai ter seu espa\u00e7o em qualquer decora\u00e7\u00e3o, se destaca com uma&hellip;<\/p>\n","protected":false},"author":1,"featured_media":0,"parent":0,"menu_order":0,"comment_status":"closed","ping_status":"closed","template":"","meta":{"footnotes":""},"class_list":["post-20988","page","type-page","status-publish","hentry"],"_links":{"self":[{"href":"https:\/\/persianassued.com.br\/site\/wp-json\/wp\/v2\/pages\/20988","targetHints":{"allow":["GET"]}}],"collection":[{"href":"https:\/\/persianassued.com.br\/site\/wp-json\/wp\/v2\/pages"}],"about":[{"href":"https:\/\/persianassued.com.br\/site\/wp-json\/wp\/v2\/types\/page"}],"author":[{"embeddable":true,"href":"https:\/\/persianassued.com.br\/site\/wp-json\/wp\/v2\/users\/1"}],"replies":[{"embeddable":true,"href":"https:\/\/persianassued.com.br\/site\/wp-json\/wp\/v2\/comments?post=20988"}],"version-history":[{"count":7,"href":"https:\/\/persianassued.com.br\/site\/wp-json\/wp\/v2\/pages\/20988\/revisions"}],"predecessor-version":[{"id":21223,"href":"https:\/\/persianassued.com.br\/site\/wp-json\/wp\/v2\/pages\/20988\/revisions\/21223"}],"wp:attachment":[{"href":"https:\/\/persianassued.com.br\/site\/wp-json\/wp\/v2\/media?parent=20988"}],"curies":[{"name":"wp","href":"https:\/\/api.w.org\/{rel}","templated":true}]}}