{"id":20976,"date":"2024-09-10T15:08:58","date_gmt":"2024-09-10T15:08:58","guid":{"rendered":"https:\/\/persianassued.com.br\/site\/?page_id=20976"},"modified":"2025-06-20T19:27:09","modified_gmt":"2025-06-20T19:27:09","slug":"persiana-sued-vertical-tecido-3","status":"publish","type":"page","link":"https:\/\/persianassued.com.br\/site\/persiana-sued-vertical-tecido-3\/","title":{"rendered":"Persiana Sued Vertical Tecido"},"content":{"rendered":"\t\t<div data-elementor-type=\"wp-page\" data-elementor-id=\"20976\" class=\"elementor elementor-20976\" data-elementor-post-type=\"page\">\n\t\t\t\t<div class=\"elementor-element elementor-element-57e54e6 e-flex e-con-boxed sc_inner_width_none sc_layouts_column_icons_position_left e-con e-parent\" data-id=\"57e54e6\" data-element_type=\"container\">\n\t\t\t\t\t<div class=\"e-con-inner\">\n\t\t\t\t<div class=\"elementor-element elementor-element-555e7c1 sc_fly_static elementor-widget elementor-widget-spacer\" data-id=\"555e7c1\" data-element_type=\"widget\" data-widget_type=\"spacer.default\">\n\t\t\t\t<div class=\"elementor-widget-container\">\n\t\t\t\t\t\t\t<div class=\"elementor-spacer\">\n\t\t\t<div class=\"elementor-spacer-inner\"><\/div>\n\t\t<\/div>\n\t\t\t\t\t\t<\/div>\n\t\t\t\t<\/div>\n\t\t\t\t\t<\/div>\n\t\t\t\t<\/div>\n\t\t<div class=\"elementor-element elementor-element-1ede63bc e-flex e-con-boxed sc_inner_width_none sc_layouts_column_icons_position_left e-con e-parent\" data-id=\"1ede63bc\" data-element_type=\"container\">\n\t\t\t\t\t<div class=\"e-con-inner\">\n\t\t\t\t<div class=\"elementor-element elementor-element-34299517 sc_fly_static elementor-widget elementor-widget-heading\" data-id=\"34299517\" data-element_type=\"widget\" data-widget_type=\"heading.default\">\n\t\t\t\t<div class=\"elementor-widget-container\">\n\t\t\t\t\t<h2 class=\"elementor-heading-title elementor-size-default\">CORTINAS ESPECIAIS<\/h2>\t\t\t\t<\/div>\n\t\t\t\t<\/div>\n\t\t\t\t<div class=\"elementor-element elementor-element-7c91686c sc_fly_static elementor-widget elementor-widget-heading\" data-id=\"7c91686c\" data-element_type=\"widget\" data-widget_type=\"heading.default\">\n\t\t\t\t<div class=\"elementor-widget-container\">\n\t\t\t\t\t<h2 class=\"elementor-heading-title elementor-size-default\">Persiana Sued Vertical Tecido<\/h2>\t\t\t\t<\/div>\n\t\t\t\t<\/div>\n\t\t\t\t<div class=\"elementor-element elementor-element-37df272d sc_fly_static elementor-widget elementor-widget-text-editor\" data-id=\"37df272d\" data-element_type=\"widget\" data-widget_type=\"text-editor.default\">\n\t\t\t\t<div class=\"elementor-widget-container\">\n\t\t\t\t\t\t\t\t\tDescubra o Charme e a Praticidade da Persiana Sued Vertical Tecido: Suave e perfeito,\nPara quem exige conforto, qualidade, beleza e praticidade. Atende a solu\u00e7\u00e3o de pequenos a grandes v\u00e3os.\t\t\t\t\t\t\t\t<\/div>\n\t\t\t\t<\/div>\n\t\t\t\t<div class=\"elementor-element elementor-element-18e2953 elementor-widget-divider--view-line sc_fly_static elementor-widget elementor-widget-divider\" data-id=\"18e2953\" data-element_type=\"widget\" data-widget_type=\"divider.default\">\n\t\t\t\t<div class=\"elementor-widget-container\">\n\t\t\t\t\t\t\t<div class=\"elementor-divider\">\n\t\t\t<span class=\"elementor-divider-separator\">\n\t\t\t\t\t\t<\/span>\n\t\t<\/div>\n\t\t\t\t\t\t<\/div>\n\t\t\t\t<\/div>\n\t\t\t\t\t<\/div>\n\t\t\t\t<\/div>\n\t\t<div class=\"elementor-element elementor-element-807ca98 e-flex e-con-boxed sc_inner_width_none sc_layouts_column_icons_position_left e-con e-parent\" data-id=\"807ca98\" data-element_type=\"container\">\n\t\t\t\t\t<div class=\"e-con-inner\">\n\t\t<div class=\"elementor-element elementor-element-2cb856a e-con-full e-flex sc_inner_width_none sc_layouts_column_icons_position_left e-con e-child\" data-id=\"2cb856a\" data-element_type=\"container\">\n\t\t\t\t<div class=\"elementor-element elementor-element-7d7caba elementor-arrows-position-inside elementor-pagination-position-outside sc_fly_static elementor-widget elementor-widget-image-carousel\" data-id=\"7d7caba\" data-element_type=\"widget\" data-settings=\"{&quot;slides_to_show&quot;:&quot;1&quot;,&quot;navigation&quot;:&quot;both&quot;,&quot;autoplay&quot;:&quot;yes&quot;,&quot;pause_on_hover&quot;:&quot;yes&quot;,&quot;pause_on_interaction&quot;:&quot;yes&quot;,&quot;autoplay_speed&quot;:5000,&quot;infinite&quot;:&quot;yes&quot;,&quot;effect&quot;:&quot;slide&quot;,&quot;speed&quot;:500}\" data-widget_type=\"image-carousel.default\">\n\t\t\t\t<div class=\"elementor-widget-container\">\n\t\t\t\t\t\t\t<div class=\"elementor-image-carousel-wrapper swiper\" role=\"region\" aria-roledescription=\"carousel\" aria-label=\"Carrossel de imagens\" dir=\"ltr\">\n\t\t\t<div class=\"elementor-image-carousel swiper-wrapper\" aria-live=\"off\">\n\t\t\t\t\t\t\t\t<div class=\"swiper-slide\" role=\"group\" aria-roledescription=\"slide\" aria-label=\"1 de 1\"><figure class=\"swiper-slide-inner\"><img decoding=\"async\" class=\"swiper-slide-image\" src=\"https:\/\/persianassued.com.br\/site\/wp-content\/uploads\/2024\/09\/Persiana-Sued-Vertical-Tecido-1024x1024.png\" alt=\"Persiana Sued Vertical Tecido\" \/><\/figure><\/div>\t\t\t<\/div>\n\t\t\t\t\t<\/div>\n\t\t\t\t\t\t<\/div>\n\t\t\t\t<\/div>\n\t\t\t\t<\/div>\n\t\t<div class=\"elementor-element elementor-element-3673613 e-con-full e-flex sc_inner_width_none sc_layouts_column_icons_position_left e-con e-child\" data-id=\"3673613\" data-element_type=\"container\">\n\t\t\t\t<div class=\"elementor-element elementor-element-a39c079 sc_fly_static elementor-widget elementor-widget-heading\" data-id=\"a39c079\" data-element_type=\"widget\" data-widget_type=\"heading.default\">\n\t\t\t\t<div class=\"elementor-widget-container\">\n\t\t\t\t\t<h2 class=\"elementor-heading-title elementor-size-default\">Design<\/h2>\t\t\t\t<\/div>\n\t\t\t\t<\/div>\n\t\t\t\t<div class=\"elementor-element elementor-element-5d2c1d8 sc_fly_static elementor-widget elementor-widget-text-editor\" data-id=\"5d2c1d8\" data-element_type=\"widget\" data-widget_type=\"text-editor.default\">\n\t\t\t\t<div class=\"elementor-widget-container\">\n\t\t\t\t\t\t\t\t\tA Persiana Vertical com seu giro de 180\u00ba graus possibilita um controle de luminosidade na medida certa. \u00c9 forte resistente, com um acionamento suave e perfeito, para quem exige conforto, qualidade, beleza e praticidade. Atende ambiente comercial, \u00e9 e super funcional e decorativa em casa. \nCom opcionais, band\u00f4 de alum\u00ednio e PVC, Tecidos em l\u00e2minas de 90mm, podendo ser inclinadas proporcionando um charme especial uma persiana cotidiana, funcionais, pr\u00e1ticas e resistentes, com a qualidade e tecnologia que somente a Sued Persianas faz!\t\t\t\t\t\t\t\t<\/div>\n\t\t\t\t<\/div>\n\t\t\t\t<\/div>\n\t\t\t\t\t<\/div>\n\t\t\t\t<\/div>\n\t\t<div class=\"elementor-element elementor-element-a45a253 e-flex e-con-boxed sc_inner_width_none sc_layouts_column_icons_position_left e-con e-parent\" data-id=\"a45a253\" data-element_type=\"container\">\n\t\t\t\t\t<div class=\"e-con-inner\">\n\t\t<div class=\"elementor-element elementor-element-4b71d70 e-con-full e-flex sc_inner_width_none sc_layouts_column_icons_position_left e-con e-child\" data-id=\"4b71d70\" data-element_type=\"container\">\n\t\t\t\t<div class=\"elementor-element elementor-element-ea84a60 sc_fly_static elementor-widget elementor-widget-heading\" data-id=\"ea84a60\" data-element_type=\"widget\" data-widget_type=\"heading.default\">\n\t\t\t\t<div class=\"elementor-widget-container\">\n\t\t\t\t\t<h2 class=\"elementor-heading-title elementor-size-default\">Diferenciais<\/h2>\t\t\t\t<\/div>\n\t\t\t\t<\/div>\n\t\t\t\t<div class=\"elementor-element elementor-element-0616454 sc_fly_static elementor-widget elementor-widget-text-editor\" data-id=\"0616454\" data-element_type=\"widget\" data-widget_type=\"text-editor.default\">\n\t\t\t\t<div class=\"elementor-widget-container\">\n\t\t\t\t\t\t\t\t\t<p data-start=\"82\" data-end=\"115\"><strong data-start=\"82\" data-end=\"115\">Op\u00e7\u00f5es de cole\u00e7\u00f5es &#8220;Tecidos&#8221;:<\/strong><\/p><p data-start=\"117\" data-end=\"378\"><strong data-start=\"117\" data-end=\"146\">Tecido Vertical Black-Out<\/strong><br data-start=\"146\" data-end=\"149\" \/>Bloqueio da luz, escurecimento e isolamento t\u00e9rmico do ambiente; alcan\u00e7a o maior n\u00edvel de privacidade.<br data-start=\"251\" data-end=\"254\" \/>Obs.: N\u00e3o mant\u00e9m o ambiente totalmente escuro, mesmo nas persianas verticais blackout, pois vaza claridade entre as l\u00e2minas.<\/p><p data-start=\"380\" data-end=\"616\"><strong data-start=\"380\" data-end=\"411\">Tecido Vertical Transl\u00facido<\/strong><br data-start=\"411\" data-end=\"414\" \/>Permite a entrada de luz e, ao mesmo tempo, proporciona privacidade, com a redu\u00e7\u00e3o da vis\u00e3o externa em dire\u00e7\u00e3o ao interior do ambiente. Este tecido oferece prote\u00e7\u00e3o contra raios solares nocivos \u00e0 sa\u00fade.<\/p><p data-start=\"618\" data-end=\"829\"><strong data-start=\"618\" data-end=\"667\">Tecido Vertical (Tela Solar) \u2013 Tecidos Screen<\/strong><br data-start=\"667\" data-end=\"670\" \/>Esse tecido, al\u00e9m de t\u00e9cnico, tamb\u00e9m possui um ar decorativo. \u00c9 a solu\u00e7\u00e3o perfeita para interiores, ajudando a economizar energia, controlando o calor e a luz.<\/p><p data-start=\"836\" data-end=\"880\"><strong data-start=\"836\" data-end=\"880\">Combina\u00e7\u00f5es de Acess\u00f3rios e Acabamentos:<\/strong><\/p><ul data-start=\"882\" data-end=\"1243\"><li data-start=\"882\" data-end=\"974\"><p data-start=\"884\" data-end=\"974\"><strong data-start=\"884\" data-end=\"903\">Linha Standard:<\/strong> Trilho superior em alum\u00ednio anodizado, espa\u00e7amento de l\u00e2minas 0,015mm.<\/p><\/li><li data-start=\"975\" data-end=\"1087\"><p data-start=\"977\" data-end=\"1087\"><strong data-start=\"977\" data-end=\"993\">Linha Elite:<\/strong> Trilho superior em alum\u00ednio com pintura eletrost\u00e1tica branca, espa\u00e7amento de l\u00e2minas 0,015mm.<\/p><\/li><li data-start=\"1088\" data-end=\"1243\"><p data-start=\"1090\" data-end=\"1243\"><strong data-start=\"1090\" data-end=\"1111\">Linha Elite Plus:<\/strong> Trilho superior em alum\u00ednio com pintura eletrost\u00e1tica branca, espa\u00e7amento de l\u00e2minas 0,021mm (melhor espa\u00e7amento entre as l\u00e2minas).<\/p><\/li><\/ul><p data-start=\"1250\" data-end=\"1288\"><strong data-start=\"1250\" data-end=\"1288\">Acess\u00f3rios e Acabamentos Diversos:<\/strong><\/p><ul data-start=\"1290\" data-end=\"1539\"><li data-start=\"1290\" data-end=\"1376\"><p data-start=\"1292\" data-end=\"1376\"><strong data-start=\"1292\" data-end=\"1312\">Galeria Natural:<\/strong> Band\u00f4 para vertical revestido com tecido em alum\u00ednio anodizado.<\/p><\/li><li data-start=\"1377\" data-end=\"1539\"><p data-start=\"1379\" data-end=\"1539\"><strong data-start=\"1379\" data-end=\"1406\">Galeria Elite \u2013 Branca:<\/strong> Band\u00f4 para vertical revestido com tecido em alum\u00ednio com pintura eletrost\u00e1tica branca, tendo como opcional band\u00f4 em alum\u00ednio ou PVC.<\/p><\/li><\/ul>\t\t\t\t\t\t\t\t<\/div>\n\t\t\t\t<\/div>\n\t\t\t\t<\/div>\n\t\t<div class=\"elementor-element elementor-element-69c5368 e-con-full e-flex sc_inner_width_none sc_layouts_column_icons_position_left e-con e-child\" data-id=\"69c5368\" data-element_type=\"container\">\n\t\t\t\t<div class=\"elementor-element elementor-element-a46d5ed elementor-arrows-position-inside elementor-pagination-position-outside sc_fly_static elementor-widget elementor-widget-image-carousel\" data-id=\"a46d5ed\" data-element_type=\"widget\" data-settings=\"{&quot;slides_to_show&quot;:&quot;1&quot;,&quot;navigation&quot;:&quot;both&quot;,&quot;autoplay&quot;:&quot;yes&quot;,&quot;pause_on_hover&quot;:&quot;yes&quot;,&quot;pause_on_interaction&quot;:&quot;yes&quot;,&quot;autoplay_speed&quot;:5000,&quot;infinite&quot;:&quot;yes&quot;,&quot;effect&quot;:&quot;slide&quot;,&quot;speed&quot;:500}\" data-widget_type=\"image-carousel.default\">\n\t\t\t\t<div class=\"elementor-widget-container\">\n\t\t\t\t\t\t\t<div class=\"elementor-image-carousel-wrapper swiper\" role=\"region\" aria-roledescription=\"carousel\" aria-label=\"Carrossel de imagens\" dir=\"ltr\">\n\t\t\t<div class=\"elementor-image-carousel swiper-wrapper\" aria-live=\"off\">\n\t\t\t\t\t\t\t\t<div class=\"swiper-slide\" role=\"group\" aria-roledescription=\"slide\" aria-label=\"1 de 1\"><figure class=\"swiper-slide-inner\"><img decoding=\"async\" class=\"swiper-slide-image\" src=\"https:\/\/persianassued.com.br\/site\/wp-content\/uploads\/2024\/09\/Persiana-Sued-Vertical-Tecido-2-1024x1024.png\" alt=\"Persiana Sued Vertical Tecido (2)\" \/><\/figure><\/div>\t\t\t<\/div>\n\t\t\t\t\t<\/div>\n\t\t\t\t\t\t<\/div>\n\t\t\t\t<\/div>\n\t\t\t\t<\/div>\n\t\t\t\t\t<\/div>\n\t\t\t\t<\/div>\n\t\t<div class=\"elementor-element elementor-element-9924ad6 e-flex e-con-boxed sc_inner_width_none sc_layouts_column_icons_position_left e-con e-parent\" data-id=\"9924ad6\" data-element_type=\"container\">\n\t\t\t\t\t<div class=\"e-con-inner\">\n\t\t<div class=\"elementor-element elementor-element-2475ae2 e-con-full e-flex sc_inner_width_none sc_layouts_column_icons_position_left e-con e-child\" data-id=\"2475ae2\" data-element_type=\"container\">\n\t\t\t\t<div class=\"elementor-element elementor-element-64ea5a6 sc_fly_static elementor-widget elementor-widget-heading\" data-id=\"64ea5a6\" data-element_type=\"widget\" data-widget_type=\"heading.default\">\n\t\t\t\t<div class=\"elementor-widget-container\">\n\t\t\t\t\t<h2 class=\"elementor-heading-title elementor-size-default\">Opcionais de acabamentos<\/h2>\t\t\t\t<\/div>\n\t\t\t\t<\/div>\n\t\t\t\t<div class=\"elementor-element elementor-element-48fcb01 sc_fly_static elementor-widget elementor-widget-text-editor\" data-id=\"48fcb01\" data-element_type=\"widget\" data-widget_type=\"text-editor.default\">\n\t\t\t\t<div class=\"elementor-widget-container\">\n\t\t\t\t\t\t\t\t\t<p data-start=\"58\" data-end=\"86\"><strong data-start=\"58\" data-end=\"86\">Opcionais de Acabamentos<\/strong><\/p><p data-start=\"88\" data-end=\"132\"><strong data-start=\"88\" data-end=\"132\">Combina\u00e7\u00f5es de Acess\u00f3rios e Acabamentos:<\/strong><\/p><ul data-start=\"134\" data-end=\"245\"><li data-start=\"134\" data-end=\"174\"><p data-start=\"136\" data-end=\"174\">Trilho Superior em alum\u00ednio anodizado.<\/p><\/li><li data-start=\"175\" data-end=\"245\"><p data-start=\"177\" data-end=\"245\">Trilho Superior em alum\u00ednio com pintura eletrost\u00e1tica na cor branca.<\/p><\/li><\/ul><p data-start=\"247\" data-end=\"285\"><strong data-start=\"247\" data-end=\"285\">Acess\u00f3rios e Acabamentos Diversos:<\/strong><\/p><ul data-start=\"287\" data-end=\"497\"><li data-start=\"287\" data-end=\"373\"><p data-start=\"289\" data-end=\"373\"><strong data-start=\"289\" data-end=\"309\">Galeria Natural:<\/strong> Band\u00f4 para vertical revestido com tecido em alum\u00ednio anodizado.<\/p><\/li><li data-start=\"374\" data-end=\"497\"><p data-start=\"376\" data-end=\"497\"><strong data-start=\"376\" data-end=\"403\">Galeria Elite \u2013 Branca:<\/strong> Band\u00f4 para vertical revestido com tecido em alum\u00ednio com pintura eletrost\u00e1tica na cor branca.<\/p><\/li><\/ul>\t\t\t\t\t\t\t\t<\/div>\n\t\t\t\t<\/div>\n\t\t\t\t<\/div>\n\t\t\t\t\t<\/div>\n\t\t\t\t<\/div>\n\t\t<div class=\"elementor-element elementor-element-cc968c9 e-flex e-con-boxed sc_inner_width_none sc_layouts_column_icons_position_left e-con e-parent\" data-id=\"cc968c9\" data-element_type=\"container\">\n\t\t\t\t\t<div class=\"e-con-inner\">\n\t\t<div class=\"elementor-element elementor-element-c31f9db e-con-full e-flex sc_inner_width_none sc_layouts_column_icons_position_left e-con e-child\" data-id=\"c31f9db\" data-element_type=\"container\">\n\t\t\t\t<div class=\"elementor-element elementor-element-46e7629 sc_fly_static elementor-widget elementor-widget-heading\" data-id=\"46e7629\" data-element_type=\"widget\" data-widget_type=\"heading.default\">\n\t\t\t\t<div class=\"elementor-widget-container\">\n\t\t\t\t\t<h2 class=\"elementor-heading-title elementor-size-default\">Acionamentos<\/h2>\t\t\t\t<\/div>\n\t\t\t\t<\/div>\n\t\t\t\t<div class=\"elementor-element elementor-element-ee085cd sc_fly_static elementor-widget elementor-widget-text-editor\" data-id=\"ee085cd\" data-element_type=\"widget\" data-widget_type=\"text-editor.default\">\n\t\t\t\t<div class=\"elementor-widget-container\">\n\t\t\t\t\t\t\t\t\t<p data-start=\"68\" data-end=\"107\"><strong data-start=\"68\" data-end=\"107\">Acionamento Manual Standard \u201cCorda\u201d<\/strong><\/p><p data-start=\"109\" data-end=\"466\">A persiana vertical possui uma corrente de PVC que permite o giro das l\u00e2minas em 90\u00b0, possibilitando o posicionamento das l\u00e2minas de acordo com a quantidade de luz desejada.<br data-start=\"282\" data-end=\"285\" \/>Conta tamb\u00e9m com uma corda de nylon que permite o recolhimento das l\u00e2minas.<br data-start=\"360\" data-end=\"363\" \/>Al\u00e9m disso, adapta-se a diferentes necessidades com v\u00e1rias op\u00e7\u00f5es de abertura, como lateral ou central.<\/p><p data-start=\"468\" data-end=\"518\"><strong data-start=\"468\" data-end=\"518\">Incont\u00e1veis combina\u00e7\u00f5es de modelo de abertura!<\/strong><\/p>\t\t\t\t\t\t\t\t<\/div>\n\t\t\t\t<\/div>\n\t\t\t\t<\/div>\n\t\t\t\t\t<\/div>\n\t\t\t\t<\/div>\n\t\t\t\t<\/div>\n\t\t","protected":false},"excerpt":{"rendered":"<p>CORTINAS ESPECIAIS Descubra o Charme e a Praticidade da Persiana Sued Vertical Tecido: Suave e perfeito, Para quem exige conforto, qualidade, beleza e praticidade. Atende a solu\u00e7\u00e3o de pequenos a&hellip;<\/p>\n","protected":false},"author":1,"featured_media":0,"parent":0,"menu_order":0,"comment_status":"closed","ping_status":"closed","template":"","meta":{"footnotes":""},"class_list":["post-20976","page","type-page","status-publish","hentry"],"_links":{"self":[{"href":"https:\/\/persianassued.com.br\/site\/wp-json\/wp\/v2\/pages\/20976","targetHints":{"allow":["GET"]}}],"collection":[{"href":"https:\/\/persianassued.com.br\/site\/wp-json\/wp\/v2\/pages"}],"about":[{"href":"https:\/\/persianassued.com.br\/site\/wp-json\/wp\/v2\/types\/page"}],"author":[{"embeddable":true,"href":"https:\/\/persianassued.com.br\/site\/wp-json\/wp\/v2\/users\/1"}],"replies":[{"embeddable":true,"href":"https:\/\/persianassued.com.br\/site\/wp-json\/wp\/v2\/comments?post=20976"}],"version-history":[{"count":7,"href":"https:\/\/persianassued.com.br\/site\/wp-json\/wp\/v2\/pages\/20976\/revisions"}],"predecessor-version":[{"id":21220,"href":"https:\/\/persianassued.com.br\/site\/wp-json\/wp\/v2\/pages\/20976\/revisions\/21220"}],"wp:attachment":[{"href":"https:\/\/persianassued.com.br\/site\/wp-json\/wp\/v2\/media?parent=20976"}],"curies":[{"name":"wp","href":"https:\/\/api.w.org\/{rel}","templated":true}]}}