{"id":20873,"date":"2024-08-29T14:57:50","date_gmt":"2024-08-29T14:57:50","guid":{"rendered":"https:\/\/persianassued.com.br\/site\/?page_id=20873"},"modified":"2025-06-20T19:24:38","modified_gmt":"2025-06-20T19:24:38","slug":"cortina-sued-essence-8","status":"publish","type":"page","link":"https:\/\/persianassued.com.br\/site\/cortina-sued-essence-8\/","title":{"rendered":"Cortinas Sued Rol\u00f4"},"content":{"rendered":"\t\t<div data-elementor-type=\"wp-page\" data-elementor-id=\"20873\" class=\"elementor elementor-20873\" data-elementor-post-type=\"page\">\n\t\t\t\t<div class=\"elementor-element elementor-element-1ede63bc e-flex e-con-boxed sc_inner_width_none sc_layouts_column_icons_position_left e-con e-parent\" data-id=\"1ede63bc\" data-element_type=\"container\">\n\t\t\t\t\t<div class=\"e-con-inner\">\n\t\t\t\t<div class=\"elementor-element elementor-element-34299517 sc_fly_static elementor-widget elementor-widget-heading\" data-id=\"34299517\" data-element_type=\"widget\" data-widget_type=\"heading.default\">\n\t\t\t\t<div class=\"elementor-widget-container\">\n\t\t\t\t\t<h2 class=\"elementor-heading-title elementor-size-default\">CORTINAS ESPECIAIS<\/h2>\t\t\t\t<\/div>\n\t\t\t\t<\/div>\n\t\t\t\t<div class=\"elementor-element elementor-element-7c91686c sc_fly_static elementor-widget elementor-widget-heading\" data-id=\"7c91686c\" data-element_type=\"widget\" data-widget_type=\"heading.default\">\n\t\t\t\t<div class=\"elementor-widget-container\">\n\t\t\t\t\t<h2 class=\"elementor-heading-title elementor-size-default\">Cortinas Sued Rol\u00f4<\/h2>\t\t\t\t<\/div>\n\t\t\t\t<\/div>\n\t\t\t\t<div class=\"elementor-element elementor-element-37df272d sc_fly_static elementor-widget elementor-widget-text-editor\" data-id=\"37df272d\" data-element_type=\"widget\" data-widget_type=\"text-editor.default\">\n\t\t\t\t<div class=\"elementor-widget-container\">\n\t\t\t\t\t\t\t\t\t<p class=\"p1\"><span class=\"s1\">Descubra o Charme e a Praticidade da Cortina Sued Rol\u00f4:\u00a0<\/span><b>uma solu\u00e7\u00e3o eficiente para pequenos e grandes v\u00e3os, pr\u00e1tica, funcional e de f\u00e1cil combina\u00e7\u00e3o com a arquitetura moderna.<\/b><\/p>\t\t\t\t\t\t\t\t<\/div>\n\t\t\t\t<\/div>\n\t\t\t\t<div class=\"elementor-element elementor-element-18e2953 elementor-widget-divider--view-line sc_fly_static elementor-widget elementor-widget-divider\" data-id=\"18e2953\" data-element_type=\"widget\" data-widget_type=\"divider.default\">\n\t\t\t\t<div class=\"elementor-widget-container\">\n\t\t\t\t\t\t\t<div class=\"elementor-divider\">\n\t\t\t<span class=\"elementor-divider-separator\">\n\t\t\t\t\t\t<\/span>\n\t\t<\/div>\n\t\t\t\t\t\t<\/div>\n\t\t\t\t<\/div>\n\t\t\t\t\t<\/div>\n\t\t\t\t<\/div>\n\t\t<div class=\"elementor-element elementor-element-807ca98 e-flex e-con-boxed sc_inner_width_none sc_layouts_column_icons_position_left e-con e-parent\" data-id=\"807ca98\" data-element_type=\"container\">\n\t\t\t\t\t<div class=\"e-con-inner\">\n\t\t<div class=\"elementor-element elementor-element-2cb856a e-con-full e-flex sc_inner_width_none sc_layouts_column_icons_position_left e-con e-child\" data-id=\"2cb856a\" data-element_type=\"container\">\n\t\t\t\t<div class=\"elementor-element elementor-element-7d7caba elementor-arrows-position-inside elementor-pagination-position-outside sc_fly_static elementor-widget elementor-widget-image-carousel\" data-id=\"7d7caba\" data-element_type=\"widget\" data-settings=\"{&quot;slides_to_show&quot;:&quot;1&quot;,&quot;navigation&quot;:&quot;both&quot;,&quot;autoplay&quot;:&quot;yes&quot;,&quot;pause_on_hover&quot;:&quot;yes&quot;,&quot;pause_on_interaction&quot;:&quot;yes&quot;,&quot;autoplay_speed&quot;:5000,&quot;infinite&quot;:&quot;yes&quot;,&quot;effect&quot;:&quot;slide&quot;,&quot;speed&quot;:500}\" data-widget_type=\"image-carousel.default\">\n\t\t\t\t<div class=\"elementor-widget-container\">\n\t\t\t\t\t\t\t<div class=\"elementor-image-carousel-wrapper swiper\" role=\"region\" aria-roledescription=\"carousel\" aria-label=\"Carrossel de imagens\" dir=\"ltr\">\n\t\t\t<div class=\"elementor-image-carousel swiper-wrapper\" aria-live=\"off\">\n\t\t\t\t\t\t\t\t<div class=\"swiper-slide\" role=\"group\" aria-roledescription=\"slide\" aria-label=\"1 de 1\"><figure class=\"swiper-slide-inner\"><img decoding=\"async\" class=\"swiper-slide-image\" src=\"https:\/\/persianassued.com.br\/site\/wp-content\/uploads\/2024\/08\/Cortina-Sued-Rolo-Especial-6-1024x1024.png\" alt=\"Cortina Sued Rolo\u0302 Especial (6)\" \/><\/figure><\/div>\t\t\t<\/div>\n\t\t\t\t\t<\/div>\n\t\t\t\t\t\t<\/div>\n\t\t\t\t<\/div>\n\t\t\t\t<\/div>\n\t\t<div class=\"elementor-element elementor-element-3673613 e-con-full e-flex sc_inner_width_none sc_layouts_column_icons_position_left e-con e-child\" data-id=\"3673613\" data-element_type=\"container\">\n\t\t\t\t<div class=\"elementor-element elementor-element-a39c079 sc_fly_static elementor-widget elementor-widget-heading\" data-id=\"a39c079\" data-element_type=\"widget\" data-widget_type=\"heading.default\">\n\t\t\t\t<div class=\"elementor-widget-container\">\n\t\t\t\t\t<h2 class=\"elementor-heading-title elementor-size-default\">Design<\/h2>\t\t\t\t<\/div>\n\t\t\t\t<\/div>\n\t\t\t\t<div class=\"elementor-element elementor-element-5d2c1d8 sc_fly_static elementor-widget elementor-widget-text-editor\" data-id=\"5d2c1d8\" data-element_type=\"widget\" data-widget_type=\"text-editor.default\">\n\t\t\t\t<div class=\"elementor-widget-container\">\n\t\t\t\t\t\t\t\t\t<p class=\"p1\">A cortina Sued Rol\u00f4 \u00e9 vari\u00e1vel, din\u00e2mica, bem- apresent\u00e1vel v\u00e1rios sin\u00f4nimos que a descreve, oferecendo v\u00e1rias possibilidades para todos os espa\u00e7os, sejam eles residenciais ou comerciais., harmoniza bem com decora\u00e7\u00f5es mais modernas e minimalistas; com uma simples corrente ou toque no controle, possibilita cobrir tanto janelas de pequenas quanto grandes dimens\u00f5es, oferecendo benef\u00edcios que v\u00e3o al\u00e9m das quest\u00f5es est\u00e9ticas, podendo ser produzidas com telas solar que reduz de forma eficiente os efeitos dos raios UV, com a cole\u00e7\u00e3o de tecidos, transl\u00facidos e blackout, adequando-se a qualquer ambiente. <br \/><br \/>E produzidas com os mais altos padr\u00f5es de qualidade, os detalhes que no final fazem toda a diferen\u00e7a.<\/p>\t\t\t\t\t\t\t\t<\/div>\n\t\t\t\t<\/div>\n\t\t\t\t<\/div>\n\t\t\t\t\t<\/div>\n\t\t\t\t<\/div>\n\t\t<div class=\"elementor-element elementor-element-a45a253 e-flex e-con-boxed sc_inner_width_none sc_layouts_column_icons_position_left e-con e-parent\" data-id=\"a45a253\" data-element_type=\"container\">\n\t\t\t\t\t<div class=\"e-con-inner\">\n\t\t<div class=\"elementor-element elementor-element-4b71d70 e-con-full e-flex sc_inner_width_none sc_layouts_column_icons_position_left e-con e-child\" data-id=\"4b71d70\" data-element_type=\"container\">\n\t\t\t\t<div class=\"elementor-element elementor-element-ea84a60 sc_fly_static elementor-widget elementor-widget-heading\" data-id=\"ea84a60\" data-element_type=\"widget\" data-widget_type=\"heading.default\">\n\t\t\t\t<div class=\"elementor-widget-container\">\n\t\t\t\t\t<h2 class=\"elementor-heading-title elementor-size-default\">Diferenciais<\/h2>\t\t\t\t<\/div>\n\t\t\t\t<\/div>\n\t\t\t\t<div class=\"elementor-element elementor-element-0616454 sc_fly_static elementor-widget elementor-widget-text-editor\" data-id=\"0616454\" data-element_type=\"widget\" data-widget_type=\"text-editor.default\">\n\t\t\t\t<div class=\"elementor-widget-container\">\n\t\t\t\t\t\t\t\t\t<p>Op\u00e7\u00f5es de cole\u00e7\u00f5es &#8220;Tecidos&#8221;:<\/p><p>Tecido Rol\u00f4 Black-Out<br \/>Bloqueio da luz, escurecimento e isolamento t\u00e9rmico do ambiente; alcan\u00e7a o maior n\u00edvel de privacidade.<\/p><p>Tecido Rol\u00f4 Transl\u00facido<br \/>Permite a entrada de luz e, ao mesmo tempo, proporciona privacidade, com a redu\u00e7\u00e3o da vis\u00e3o externa em dire\u00e7\u00e3o ao interior do ambiente. Este tecido oferece prote\u00e7\u00e3o contra raios solares nocivos \u00e0 sa\u00fade.<\/p><p>Tecido Rol\u00f4 (Tela Solar) \u2013 Tecidos Screen<br \/>Esse tecido, al\u00e9m de t\u00e9cnico, tamb\u00e9m possui um ar decorativo. \u00c9 a solu\u00e7\u00e3o perfeita para interiores, ajudando a economizar energia, controlando o calor e a luz.<\/p>\t\t\t\t\t\t\t\t<\/div>\n\t\t\t\t<\/div>\n\t\t\t\t<\/div>\n\t\t<div class=\"elementor-element elementor-element-69c5368 e-con-full e-flex sc_inner_width_none sc_layouts_column_icons_position_left e-con e-child\" data-id=\"69c5368\" data-element_type=\"container\">\n\t\t\t\t<div class=\"elementor-element elementor-element-a46d5ed elementor-arrows-position-inside elementor-pagination-position-outside sc_fly_static elementor-widget elementor-widget-image-carousel\" data-id=\"a46d5ed\" data-element_type=\"widget\" data-settings=\"{&quot;slides_to_show&quot;:&quot;1&quot;,&quot;navigation&quot;:&quot;both&quot;,&quot;autoplay&quot;:&quot;yes&quot;,&quot;pause_on_hover&quot;:&quot;yes&quot;,&quot;pause_on_interaction&quot;:&quot;yes&quot;,&quot;autoplay_speed&quot;:5000,&quot;infinite&quot;:&quot;yes&quot;,&quot;effect&quot;:&quot;slide&quot;,&quot;speed&quot;:500}\" data-widget_type=\"image-carousel.default\">\n\t\t\t\t<div class=\"elementor-widget-container\">\n\t\t\t\t\t\t\t<div class=\"elementor-image-carousel-wrapper swiper\" role=\"region\" aria-roledescription=\"carousel\" aria-label=\"Carrossel de imagens\" dir=\"ltr\">\n\t\t\t<div class=\"elementor-image-carousel swiper-wrapper\" aria-live=\"off\">\n\t\t\t\t\t\t\t\t<div class=\"swiper-slide\" role=\"group\" aria-roledescription=\"slide\" aria-label=\"1 de 1\"><figure class=\"swiper-slide-inner\"><img decoding=\"async\" class=\"swiper-slide-image\" src=\"https:\/\/persianassued.com.br\/site\/wp-content\/uploads\/2024\/08\/Cortina-Sued-Rolo-Especial-5-1024x1024.png\" alt=\"Cortina Sued Rolo\u0302 Especial (5)\" \/><\/figure><\/div>\t\t\t<\/div>\n\t\t\t\t\t<\/div>\n\t\t\t\t\t\t<\/div>\n\t\t\t\t<\/div>\n\t\t\t\t<\/div>\n\t\t\t\t\t<\/div>\n\t\t\t\t<\/div>\n\t\t<div class=\"elementor-element elementor-element-9924ad6 e-flex e-con-boxed sc_inner_width_none sc_layouts_column_icons_position_left e-con e-parent\" data-id=\"9924ad6\" data-element_type=\"container\">\n\t\t\t\t\t<div class=\"e-con-inner\">\n\t\t<div class=\"elementor-element elementor-element-2475ae2 e-con-full e-flex sc_inner_width_none sc_layouts_column_icons_position_left e-con e-child\" data-id=\"2475ae2\" data-element_type=\"container\">\n\t\t\t\t<div class=\"elementor-element elementor-element-64ea5a6 sc_fly_static elementor-widget elementor-widget-heading\" data-id=\"64ea5a6\" data-element_type=\"widget\" data-widget_type=\"heading.default\">\n\t\t\t\t<div class=\"elementor-widget-container\">\n\t\t\t\t\t<h2 class=\"elementor-heading-title elementor-size-default\">Opcionais Acabamentos<\/h2>\t\t\t\t<\/div>\n\t\t\t\t<\/div>\n\t\t\t\t<div class=\"elementor-element elementor-element-48fcb01 sc_fly_static elementor-widget elementor-widget-text-editor\" data-id=\"48fcb01\" data-element_type=\"widget\" data-widget_type=\"text-editor.default\">\n\t\t\t\t<div class=\"elementor-widget-container\">\n\t\t\t\t\t\t\t\t\t<p data-start=\"77\" data-end=\"132\"><strong data-start=\"77\" data-end=\"132\">Incont\u00e1veis combina\u00e7\u00f5es de acess\u00f3rios e acabamentos<\/strong><\/p><p data-start=\"134\" data-end=\"154\"><strong data-start=\"134\" data-end=\"152\">Guias Laterais<\/strong><\/p><ul data-start=\"155\" data-end=\"311\"><li data-start=\"155\" data-end=\"311\"><p data-start=\"157\" data-end=\"311\">55mm e 80mm: emolduram a janela e garantem bloqueio da luz externa, criando um ambiente completamente escuro. Opcionais nas Cortinas Sued Rol\u00f4s Black-Out.<\/p><\/li><\/ul><p data-start=\"313\" data-end=\"336\"><strong data-start=\"313\" data-end=\"336\">Op\u00e7\u00f5es de Montagem:<\/strong><\/p><ul data-start=\"338\" data-end=\"768\"><li data-start=\"338\" data-end=\"442\"><p data-start=\"340\" data-end=\"442\"><strong data-start=\"340\" data-end=\"392\">Sem Barra Estabilizadora (Sem Barra Niveladora):<\/strong><br data-start=\"392\" data-end=\"395\" \/>Tubo 28mm \/ Tubo 32mm \/ Tubo 40mm \/ Tubo 45mm<\/p><\/li><li data-start=\"444\" data-end=\"548\"><p data-start=\"446\" data-end=\"548\"><strong data-start=\"446\" data-end=\"498\">Com Barra Estabilizadora (Com Barra Niveladora):<\/strong><br data-start=\"498\" data-end=\"501\" \/>Tubo 28mm \/ Tubo 32mm \/ Tubo 40mm \/ Tubo 45mm<\/p><\/li><li data-start=\"550\" data-end=\"601\"><p data-start=\"552\" data-end=\"601\"><strong data-start=\"552\" data-end=\"575\">Com Band\u00f4 Modelo D:<\/strong><br data-start=\"575\" data-end=\"578\" \/>Tubo 40mm \/ Tubo 45mm<\/p><\/li><li data-start=\"603\" data-end=\"666\"><p data-start=\"605\" data-end=\"666\"><strong data-start=\"605\" data-end=\"628\">Com Band\u00f4 Box 70mm:<\/strong><br data-start=\"628\" data-end=\"631\" \/>Tubo 28mm \/ Tubo 32mm \/ Tubo 40mm<\/p><\/li><li data-start=\"668\" data-end=\"719\"><p data-start=\"670\" data-end=\"719\"><strong data-start=\"670\" data-end=\"693\">Com Band\u00f4 Box 90mm:<\/strong><br data-start=\"693\" data-end=\"696\" \/>Tubo 40mm \/ Tubo 45mm<\/p><\/li><li data-start=\"721\" data-end=\"768\"><p data-start=\"723\" data-end=\"768\"><strong data-start=\"723\" data-end=\"768\">Com Band\u00f4 Grandes V\u00e3os (para Motoriza\u00e7\u00e3o)<\/strong><\/p><\/li><\/ul><p data-start=\"770\" data-end=\"832\"><strong data-start=\"770\" data-end=\"794\">Cores de Acess\u00f3rios:<\/strong><br data-start=\"794\" data-end=\"797\" \/>Branco, Bege, Cinza, Marrom, Preto.<\/p>\t\t\t\t\t\t\t\t<\/div>\n\t\t\t\t<\/div>\n\t\t\t\t<\/div>\n\t\t\t\t\t<\/div>\n\t\t\t\t<\/div>\n\t\t<div class=\"elementor-element elementor-element-aeb68c1 e-flex e-con-boxed sc_inner_width_none sc_layouts_column_icons_position_left e-con e-parent\" data-id=\"aeb68c1\" data-element_type=\"container\">\n\t\t\t\t\t<div class=\"e-con-inner\">\n\t\t<div class=\"elementor-element elementor-element-48ec7db e-con-full e-flex sc_inner_width_none sc_layouts_column_icons_position_left e-con e-child\" data-id=\"48ec7db\" data-element_type=\"container\">\n\t\t\t\t<div class=\"elementor-element elementor-element-46fd0b4 sc_fly_static elementor-widget elementor-widget-heading\" data-id=\"46fd0b4\" data-element_type=\"widget\" data-widget_type=\"heading.default\">\n\t\t\t\t<div class=\"elementor-widget-container\">\n\t\t\t\t\t<h2 class=\"elementor-heading-title elementor-size-default\">Acionamentos<\/h2>\t\t\t\t<\/div>\n\t\t\t\t<\/div>\n\t\t\t\t<div class=\"elementor-element elementor-element-8552851 sc_fly_static elementor-widget elementor-widget-text-editor\" data-id=\"8552851\" data-element_type=\"widget\" data-widget_type=\"text-editor.default\">\n\t\t\t\t<div class=\"elementor-widget-container\">\n\t\t\t\t\t\t\t\t\t<p data-start=\"58\" data-end=\"166\"><strong data-start=\"58\" data-end=\"80\">Acionamento Manual<\/strong><br data-start=\"80\" data-end=\"83\" \/>Atrav\u00e9s de corrente, que permite a defini\u00e7\u00e3o do posicionamento e altura da cortina.<\/p><p data-start=\"168\" data-end=\"449\"><strong data-start=\"168\" data-end=\"194\">Acionamento Motorizado<\/strong><br data-start=\"194\" data-end=\"197\" \/>Acionamento atrav\u00e9s de motor, possibilitando abertura e o fechamento da cortina a partir de controle remoto, smartphone, tablet, comando de voz ou interruptor.<br data-start=\"356\" data-end=\"359\" \/>Esse sistema possibilita maior praticidade, durabilidade e conforto na opera\u00e7\u00e3o das pe\u00e7as.<\/p>\t\t\t\t\t\t\t\t<\/div>\n\t\t\t\t<\/div>\n\t\t\t\t<\/div>\n\t\t\t\t\t<\/div>\n\t\t\t\t<\/div>\n\t\t\t\t<\/div>\n\t\t","protected":false},"excerpt":{"rendered":"<p>CORTINAS ESPECIAIS Cortinas Sued Rol\u00f4 Descubra o Charme e a Praticidade da Cortina Sued Rol\u00f4:\u00a0uma solu\u00e7\u00e3o eficiente para pequenos e grandes v\u00e3os, pr\u00e1tica, funcional e de f\u00e1cil combina\u00e7\u00e3o com a&hellip;<\/p>\n","protected":false},"author":1,"featured_media":0,"parent":0,"menu_order":0,"comment_status":"closed","ping_status":"closed","template":"","meta":{"footnotes":""},"class_list":["post-20873","page","type-page","status-publish","hentry"],"_links":{"self":[{"href":"https:\/\/persianassued.com.br\/site\/wp-json\/wp\/v2\/pages\/20873","targetHints":{"allow":["GET"]}}],"collection":[{"href":"https:\/\/persianassued.com.br\/site\/wp-json\/wp\/v2\/pages"}],"about":[{"href":"https:\/\/persianassued.com.br\/site\/wp-json\/wp\/v2\/types\/page"}],"author":[{"embeddable":true,"href":"https:\/\/persianassued.com.br\/site\/wp-json\/wp\/v2\/users\/1"}],"replies":[{"embeddable":true,"href":"https:\/\/persianassued.com.br\/site\/wp-json\/wp\/v2\/comments?post=20873"}],"version-history":[{"count":24,"href":"https:\/\/persianassued.com.br\/site\/wp-json\/wp\/v2\/pages\/20873\/revisions"}],"predecessor-version":[{"id":21217,"href":"https:\/\/persianassued.com.br\/site\/wp-json\/wp\/v2\/pages\/20873\/revisions\/21217"}],"wp:attachment":[{"href":"https:\/\/persianassued.com.br\/site\/wp-json\/wp\/v2\/media?parent=20873"}],"curies":[{"name":"wp","href":"https:\/\/api.w.org\/{rel}","templated":true}]}}